{"id":6745,"date":"2019-08-01T12:20:36","date_gmt":"2019-08-01T12:20:36","guid":{"rendered":"https:\/\/crapuledeluxe.be\/?post_type=product&#038;p=6745"},"modified":"2022-12-15T20:07:07","modified_gmt":"2022-12-15T20:07:07","slug":"t-shirt-white-nunder","status":"publish","type":"product","link":"https:\/\/crapuledeluxe.be\/en\/product\/t-shirt-white-nunder\/","title":{"rendered":"T-shirt White Nunder"},"content":{"rendered":"<p><b>DESCRIPTION<\/b><\/p>\n<div>\n<p>Short sleeves and round neck<br \/>\nClassic cut<br \/>\nPrint on front and back<\/p>\n<p><b>COMPOSITION<\/b><\/p>\n<p>100% cotton<\/p>\n<p><b>WASHING INSTRUCTIONS<\/b><\/p>\n<ul>\n<li>Wash at 30\u00b0C<\/li>\n<li>Drying in tumble dryer is not advised<\/li>\n<li>Iron at 110\u00b0C max<\/li>\n<\/ul>\n<\/div>\n","protected":false},"excerpt":{"rendered":"<div class=\"col-md-10 col-md-offset-1 no-padding\">\n<div class=\"product-description\">\n<p>Nunder is a t-shirt from the capsule collection Elevenparis x Pepsi.\u00a0The shirt is imprinted with a vintage design inspired by a Pepsi ad.<\/p>\n<p>Thanks to the super comfortable fabrics, this shirt feels and fits very good.\u00a0 vintage inspir\u00e9 d&#8217;une publicit\u00e9 Pepsi. Il allie confort et libert\u00e9 de mouvement gr\u00e2ce \u00e0 sa mati\u00e8re hyper agr\u00e9able.<\/p>\n<\/div>\n<\/div>\n","protected":false},"featured_media":6752,"comment_status":"open","ping_status":"closed","template":"","meta":[],"product_brand":[60],"product_cat":[121,50],"product_tag":[],"class_list":{"0":"post-6745","1":"product","2":"type-product","3":"status-publish","4":"has-post-thumbnail","6":"product_brand-eleven-paris","7":"product_cat-outlet-mannenkleding","8":"product_cat-shirts","9":"pa_merk-eleven-paris","10":"pa_size-l","11":"pa_size-m","12":"pa_size-s","13":"pa_size-xs","15":"first","16":"instock","17":"sale","18":"taxable","19":"shipping-taxable","20":"purchasable","21":"product-type-variable"},"supplier_id":null,"supplier_sku":"","barcode":null,"atum_controlled":true,"out_stock_date":null,"out_stock_threshold":null,"inheritable":true,"inbound_stock":0,"stock_on_hold":0,"sold_today":0,"sales_last_days":0,"reserved_stock":null,"customer_returns":null,"warehouse_damage":null,"lost_in_post":null,"other_logs":null,"out_stock_days":0,"lost_sales":0,"has_location":false,"update_date":"2026-05-17T00:46:37","atum_locations":[],"atum_stock_status":"instock","restock_status":false,"low_stock_amount":"","sales_update_date":"2026-05-17T00:46:37","calc_backorders":null,"yoast_head":"<!-- This site is optimized with the Yoast SEO plugin v27.6 - https:\/\/yoast.com\/product\/yoast-seo-wordpress\/ -->\n<title>T-shirt White Nunder - Crapule de Luxe<\/title>\n<meta name=\"robots\" content=\"index, follow, max-snippet:-1, max-image-preview:large, max-video-preview:-1\" \/>\n<link rel=\"canonical\" href=\"https:\/\/crapuledeluxe.be\/en\/product\/t-shirt-white-nunder\/\" \/>\n<meta property=\"og:locale\" content=\"en_US\" \/>\n<meta property=\"og:type\" content=\"article\" \/>\n<meta property=\"og:title\" content=\"T-shirt White Nunder - Crapule de Luxe\" \/>\n<meta property=\"og:description\" content=\"Nunder is a t-shirt from the capsule collection Elevenparis x Pepsi.\u00a0The shirt is imprinted with a vintage design inspired by a Pepsi ad.  Thanks to the super comfortable fabrics, this shirt feels and fits very good.\u00a0 vintage inspir\u00e9 d&#039;une publicit\u00e9 Pepsi. Il allie confort et libert\u00e9 de mouvement gr\u00e2ce \u00e0 sa mati\u00e8re hyper agr\u00e9able.\" \/>\n<meta property=\"og:url\" content=\"https:\/\/crapuledeluxe.be\/en\/product\/t-shirt-white-nunder\/\" \/>\n<meta property=\"og:site_name\" content=\"Crapule de Luxe\" \/>\n<meta property=\"article:modified_time\" content=\"2022-12-15T20:07:07+00:00\" \/>\n<meta property=\"og:image\" content=\"https:\/\/crapuledeluxe.be\/wp-content\/uploads\/2019\/08\/elevenparis_nunder-m-full.jpg\" \/>\n\t<meta property=\"og:image:width\" content=\"600\" \/>\n\t<meta property=\"og:image:height\" content=\"900\" \/>\n\t<meta property=\"og:image:type\" content=\"image\/jpeg\" \/>\n<meta name=\"twitter:card\" content=\"summary_large_image\" \/>\n<script type=\"application\/ld+json\" class=\"yoast-schema-graph\">{\"@context\":\"https:\\\/\\\/schema.org\",\"@graph\":[{\"@type\":\"WebPage\",\"@id\":\"https:\\\/\\\/crapuledeluxe.be\\\/en\\\/product\\\/t-shirt-white-nunder\\\/\",\"url\":\"https:\\\/\\\/crapuledeluxe.be\\\/en\\\/product\\\/t-shirt-white-nunder\\\/\",\"name\":\"T-shirt White Nunder - Crapule de Luxe\",\"isPartOf\":{\"@id\":\"https:\\\/\\\/crapuledeluxe.be\\\/en\\\/#website\"},\"primaryImageOfPage\":{\"@id\":\"https:\\\/\\\/crapuledeluxe.be\\\/en\\\/product\\\/t-shirt-white-nunder\\\/#primaryimage\"},\"image\":{\"@id\":\"https:\\\/\\\/crapuledeluxe.be\\\/en\\\/product\\\/t-shirt-white-nunder\\\/#primaryimage\"},\"thumbnailUrl\":\"https:\\\/\\\/crapuledeluxe.be\\\/wp-content\\\/uploads\\\/2019\\\/08\\\/elevenparis_nunder-m-full.jpg\",\"datePublished\":\"2019-08-01T12:20:36+00:00\",\"dateModified\":\"2022-12-15T20:07:07+00:00\",\"breadcrumb\":{\"@id\":\"https:\\\/\\\/crapuledeluxe.be\\\/en\\\/product\\\/t-shirt-white-nunder\\\/#breadcrumb\"},\"inLanguage\":\"en-US\",\"potentialAction\":[{\"@type\":\"ReadAction\",\"target\":[\"https:\\\/\\\/crapuledeluxe.be\\\/en\\\/product\\\/t-shirt-white-nunder\\\/\"]}]},{\"@type\":\"ImageObject\",\"inLanguage\":\"en-US\",\"@id\":\"https:\\\/\\\/crapuledeluxe.be\\\/en\\\/product\\\/t-shirt-white-nunder\\\/#primaryimage\",\"url\":\"https:\\\/\\\/crapuledeluxe.be\\\/wp-content\\\/uploads\\\/2019\\\/08\\\/elevenparis_nunder-m-full.jpg\",\"contentUrl\":\"https:\\\/\\\/crapuledeluxe.be\\\/wp-content\\\/uploads\\\/2019\\\/08\\\/elevenparis_nunder-m-full.jpg\",\"width\":600,\"height\":900,\"caption\":\"Eleven Paris - Nunder t-shirt - kleding mannen webshop\"},{\"@type\":\"BreadcrumbList\",\"@id\":\"https:\\\/\\\/crapuledeluxe.be\\\/en\\\/product\\\/t-shirt-white-nunder\\\/#breadcrumb\",\"itemListElement\":[{\"@type\":\"ListItem\",\"position\":1,\"name\":\"Home\",\"item\":\"https:\\\/\\\/crapuledeluxe.be\\\/en\\\/\"},{\"@type\":\"ListItem\",\"position\":2,\"name\":\"Shop\",\"item\":\"https:\\\/\\\/crapuledeluxe.be\\\/shop\\\/\"},{\"@type\":\"ListItem\",\"position\":3,\"name\":\"T-shirt White Nunder\"}]},{\"@type\":\"WebSite\",\"@id\":\"https:\\\/\\\/crapuledeluxe.be\\\/en\\\/#website\",\"url\":\"https:\\\/\\\/crapuledeluxe.be\\\/en\\\/\",\"name\":\"Crapule de Luxe\",\"description\":\"Street Style with a touch of luxury\",\"publisher\":{\"@id\":\"https:\\\/\\\/crapuledeluxe.be\\\/en\\\/#organization\"},\"potentialAction\":[{\"@type\":\"SearchAction\",\"target\":{\"@type\":\"EntryPoint\",\"urlTemplate\":\"https:\\\/\\\/crapuledeluxe.be\\\/en\\\/?s={search_term_string}\"},\"query-input\":{\"@type\":\"PropertyValueSpecification\",\"valueRequired\":true,\"valueName\":\"search_term_string\"}}],\"inLanguage\":\"en-US\"},{\"@type\":\"Organization\",\"@id\":\"https:\\\/\\\/crapuledeluxe.be\\\/en\\\/#organization\",\"name\":\"Crapule de Luxe\",\"url\":\"https:\\\/\\\/crapuledeluxe.be\\\/en\\\/\",\"logo\":{\"@type\":\"ImageObject\",\"inLanguage\":\"en-US\",\"@id\":\"https:\\\/\\\/crapuledeluxe.be\\\/en\\\/#\\\/schema\\\/logo\\\/image\\\/\",\"url\":\"https:\\\/\\\/crapuledeluxe.be\\\/wp-content\\\/uploads\\\/2018\\\/12\\\/CDL-Logo_3.png\",\"contentUrl\":\"https:\\\/\\\/crapuledeluxe.be\\\/wp-content\\\/uploads\\\/2018\\\/12\\\/CDL-Logo_3.png\",\"width\":500,\"height\":317,\"caption\":\"Crapule de Luxe\"},\"image\":{\"@id\":\"https:\\\/\\\/crapuledeluxe.be\\\/en\\\/#\\\/schema\\\/logo\\\/image\\\/\"}}]}<\/script>\n<!-- \/ Yoast SEO plugin. -->","yoast_head_json":{"title":"T-shirt White Nunder - Crapule de Luxe","robots":{"index":"index","follow":"follow","max-snippet":"max-snippet:-1","max-image-preview":"max-image-preview:large","max-video-preview":"max-video-preview:-1"},"canonical":"https:\/\/crapuledeluxe.be\/en\/product\/t-shirt-white-nunder\/","og_locale":"en_US","og_type":"article","og_title":"T-shirt White Nunder - Crapule de Luxe","og_description":"Nunder is a t-shirt from the capsule collection Elevenparis x Pepsi.\u00a0The shirt is imprinted with a vintage design inspired by a Pepsi ad.  Thanks to the super comfortable fabrics, this shirt feels and fits very good.\u00a0 vintage inspir\u00e9 d'une publicit\u00e9 Pepsi. Il allie confort et libert\u00e9 de mouvement gr\u00e2ce \u00e0 sa mati\u00e8re hyper agr\u00e9able.","og_url":"https:\/\/crapuledeluxe.be\/en\/product\/t-shirt-white-nunder\/","og_site_name":"Crapule de Luxe","article_modified_time":"2022-12-15T20:07:07+00:00","og_image":[{"width":600,"height":900,"url":"https:\/\/crapuledeluxe.be\/wp-content\/uploads\/2019\/08\/elevenparis_nunder-m-full.jpg","type":"image\/jpeg"}],"twitter_card":"summary_large_image","schema":{"@context":"https:\/\/schema.org","@graph":[{"@type":"WebPage","@id":"https:\/\/crapuledeluxe.be\/en\/product\/t-shirt-white-nunder\/","url":"https:\/\/crapuledeluxe.be\/en\/product\/t-shirt-white-nunder\/","name":"T-shirt White Nunder - Crapule de Luxe","isPartOf":{"@id":"https:\/\/crapuledeluxe.be\/en\/#website"},"primaryImageOfPage":{"@id":"https:\/\/crapuledeluxe.be\/en\/product\/t-shirt-white-nunder\/#primaryimage"},"image":{"@id":"https:\/\/crapuledeluxe.be\/en\/product\/t-shirt-white-nunder\/#primaryimage"},"thumbnailUrl":"https:\/\/crapuledeluxe.be\/wp-content\/uploads\/2019\/08\/elevenparis_nunder-m-full.jpg","datePublished":"2019-08-01T12:20:36+00:00","dateModified":"2022-12-15T20:07:07+00:00","breadcrumb":{"@id":"https:\/\/crapuledeluxe.be\/en\/product\/t-shirt-white-nunder\/#breadcrumb"},"inLanguage":"en-US","potentialAction":[{"@type":"ReadAction","target":["https:\/\/crapuledeluxe.be\/en\/product\/t-shirt-white-nunder\/"]}]},{"@type":"ImageObject","inLanguage":"en-US","@id":"https:\/\/crapuledeluxe.be\/en\/product\/t-shirt-white-nunder\/#primaryimage","url":"https:\/\/crapuledeluxe.be\/wp-content\/uploads\/2019\/08\/elevenparis_nunder-m-full.jpg","contentUrl":"https:\/\/crapuledeluxe.be\/wp-content\/uploads\/2019\/08\/elevenparis_nunder-m-full.jpg","width":600,"height":900,"caption":"Eleven Paris - Nunder t-shirt - kleding mannen webshop"},{"@type":"BreadcrumbList","@id":"https:\/\/crapuledeluxe.be\/en\/product\/t-shirt-white-nunder\/#breadcrumb","itemListElement":[{"@type":"ListItem","position":1,"name":"Home","item":"https:\/\/crapuledeluxe.be\/en\/"},{"@type":"ListItem","position":2,"name":"Shop","item":"https:\/\/crapuledeluxe.be\/shop\/"},{"@type":"ListItem","position":3,"name":"T-shirt White Nunder"}]},{"@type":"WebSite","@id":"https:\/\/crapuledeluxe.be\/en\/#website","url":"https:\/\/crapuledeluxe.be\/en\/","name":"Crapule de Luxe","description":"Street Style with a touch of luxury","publisher":{"@id":"https:\/\/crapuledeluxe.be\/en\/#organization"},"potentialAction":[{"@type":"SearchAction","target":{"@type":"EntryPoint","urlTemplate":"https:\/\/crapuledeluxe.be\/en\/?s={search_term_string}"},"query-input":{"@type":"PropertyValueSpecification","valueRequired":true,"valueName":"search_term_string"}}],"inLanguage":"en-US"},{"@type":"Organization","@id":"https:\/\/crapuledeluxe.be\/en\/#organization","name":"Crapule de Luxe","url":"https:\/\/crapuledeluxe.be\/en\/","logo":{"@type":"ImageObject","inLanguage":"en-US","@id":"https:\/\/crapuledeluxe.be\/en\/#\/schema\/logo\/image\/","url":"https:\/\/crapuledeluxe.be\/wp-content\/uploads\/2018\/12\/CDL-Logo_3.png","contentUrl":"https:\/\/crapuledeluxe.be\/wp-content\/uploads\/2018\/12\/CDL-Logo_3.png","width":500,"height":317,"caption":"Crapule de Luxe"},"image":{"@id":"https:\/\/crapuledeluxe.be\/en\/#\/schema\/logo\/image\/"}}]}},"_links":{"self":[{"href":"https:\/\/crapuledeluxe.be\/en\/wp-json\/wp\/v2\/product\/6745","targetHints":{"allow":["GET"]}}],"collection":[{"href":"https:\/\/crapuledeluxe.be\/en\/wp-json\/wp\/v2\/product"}],"about":[{"href":"https:\/\/crapuledeluxe.be\/en\/wp-json\/wp\/v2\/types\/product"}],"replies":[{"embeddable":true,"href":"https:\/\/crapuledeluxe.be\/en\/wp-json\/wp\/v2\/comments?post=6745"}],"version-history":[{"count":3,"href":"https:\/\/crapuledeluxe.be\/en\/wp-json\/wp\/v2\/product\/6745\/revisions"}],"predecessor-version":[{"id":11846,"href":"https:\/\/crapuledeluxe.be\/en\/wp-json\/wp\/v2\/product\/6745\/revisions\/11846"}],"wp:featuredmedia":[{"embeddable":true,"href":"https:\/\/crapuledeluxe.be\/en\/wp-json\/wp\/v2\/media\/6752"}],"wp:attachment":[{"href":"https:\/\/crapuledeluxe.be\/en\/wp-json\/wp\/v2\/media?parent=6745"}],"wp:term":[{"taxonomy":"product_brand","embeddable":true,"href":"https:\/\/crapuledeluxe.be\/en\/wp-json\/wp\/v2\/product_brand?post=6745"},{"taxonomy":"product_cat","embeddable":true,"href":"https:\/\/crapuledeluxe.be\/en\/wp-json\/wp\/v2\/product_cat?post=6745"},{"taxonomy":"product_tag","embeddable":true,"href":"https:\/\/crapuledeluxe.be\/en\/wp-json\/wp\/v2\/product_tag?post=6745"}],"curies":[{"name":"wp","href":"https:\/\/api.w.org\/{rel}","templated":true}]}}